{"id":1084,"date":"2020-03-28T11:25:40","date_gmt":"2020-03-28T08:25:40","guid":{"rendered":"http:\/\/pluginspoint.com\/geoport\/?page_id=1084"},"modified":"2021-02-20T15:28:43","modified_gmt":"2021-02-20T12:28:43","slug":"hakkimizda","status":"publish","type":"page","link":"https:\/\/abdullahnavruz.com\/?page_id=1084","title":{"rendered":"Hakk\u0131m\u0131zda"},"content":{"rendered":"\t\t<div data-elementor-type=\"wp-page\" data-elementor-id=\"1084\" class=\"elementor elementor-1084\" data-elementor-settings=\"[]\">\n\t\t\t\t\t\t<div class=\"elementor-inner\">\n\t\t\t\t\t\t\t<div class=\"elementor-section-wrap\">\n\t\t\t\t\t\t\t<section class=\"elementor-section elementor-top-section elementor-element elementor-element-82d5a64 elementor-section-boxed elementor-section-height-default elementor-section-height-default\" data-id=\"82d5a64\" data-element_type=\"section\">\n\t\t\t\t\t\t<div class=\"elementor-container elementor-column-gap-default\">\n\t\t\t\t\t\t\t<div class=\"elementor-row\">\n\t\t\t\t\t<div class=\"elementor-column elementor-col-50 elementor-top-column elementor-element elementor-element-31b429a\" data-id=\"31b429a\" data-element_type=\"column\">\n\t\t\t<div class=\"elementor-column-wrap elementor-element-populated\">\n\t\t\t\t\t\t\t<div class=\"elementor-widget-wrap\">\n\t\t\t\t\t\t<div class=\"elementor-element elementor-element-af7e463 elementor-widget elementor-widget-section-head\" data-id=\"af7e463\" data-element_type=\"widget\" data-widget_type=\"section-head.default\">\n\t\t\t\t<div class=\"elementor-widget-container\">\n\t\t\t\t\t<div class=\"section-title \">\r\n\t\t\t            <span class=\"line wow \">Hakk\u0131m\u0131zda<\/span>\r\n                        <h2>\r\n            \t            \t<span class=\"tl1\" >Abdullah Navruz Lojistik<\/span>\r\n            \t            <\/h2>\r\n                  <\/div>\r\n\t\t\t<\/div>\n\t\t\t\t<\/div>\n\t\t\t\t<div class=\"elementor-element elementor-element-3f1d2d4 elementor-widget elementor-widget-heading\" data-id=\"3f1d2d4\" data-element_type=\"widget\" data-widget_type=\"heading.default\">\n\t\t\t\t<div class=\"elementor-widget-container\">\n\t\t\t<p class=\"elementor-heading-title elementor-size-default\">Abdullah Navruz Lojistik Hizmetleri Sanayi ve Ticaret Limited \u015eirketi firmas\u0131 uzmanl\u0131k alan\u0131 olan Uluslararas\u0131 Karayolu ta\u015f\u0131mac\u0131l\u0131\u011f\u0131 hizmetini kendi envanterine kay\u0131tl\u0131 gen\u00e7 filosuyla sa\u011flamaktad\u0131r.<\/p>\t\t<\/div>\n\t\t\t\t<\/div>\n\t\t\t\t<div class=\"elementor-element elementor-element-31a2b54 elementor-widget elementor-widget-heading\" data-id=\"31a2b54\" data-element_type=\"widget\" data-widget_type=\"heading.default\">\n\t\t\t\t<div class=\"elementor-widget-container\">\n\t\t\t<p class=\"elementor-heading-title elementor-size-default\">\nFirmam\u0131z kendisine ait C2 belgesi ile Kayseri merkezli kendi envanterimize kay\u0131tl\u0131 ara\u00e7larla Almanya, Fransa, Benel\u00fcks \u00fclkeleri ba\u015fta olmak \u00fczere t\u00fcm Avrupa, Avrupa\u2019dan yine ba\u015fta \u00fclkemiz olmak \u00fczere Orta Do\u011fu\u2019ya komple ve parsiyel y\u00fck ta\u015f\u0131mac\u0131l\u0131\u011f\u0131 hizmetleri sunmaktay\u0131z.<\/p>\t\t<\/div>\n\t\t\t\t<\/div>\n\t\t\t\t<div class=\"elementor-element elementor-element-788cd1a elementor-widget elementor-widget-heading\" data-id=\"788cd1a\" data-element_type=\"widget\" data-widget_type=\"heading.default\">\n\t\t\t\t<div class=\"elementor-widget-container\">\n\t\t\t<p class=\"elementor-heading-title elementor-size-default\">M\u00fc\u015fterilerimizin talepleri do\u011frultusunda t\u00fcm s\u00fcre\u00e7 uzman ekibimiz taraf\u0131ndan b\u00fcy\u00fck bir titizlikle takip edilmekte ve sonu\u00e7land\u0131r\u0131lmaktad\u0131r.\n\nAbdullah Navruz Lojistik Hizmetleri Sanayi ve Ticaret Limited \u015eirketi sundu\u011fu rekabet\u00e7i fiyat ve s\u00fcratli hizmet sayesinde m\u00fc\u015fterilerimiz hem zaman kazan\u0131r hem de tasarruf elde ederler.\n<\/p>\t\t<\/div>\n\t\t\t\t<\/div>\n\t\t\t\t\t\t<\/div>\n\t\t\t\t\t<\/div>\n\t\t<\/div>\n\t\t\t\t<div class=\"elementor-column elementor-col-50 elementor-top-column elementor-element elementor-element-ab44466\" data-id=\"ab44466\" data-element_type=\"column\">\n\t\t\t<div class=\"elementor-column-wrap elementor-element-populated\">\n\t\t\t\t\t\t\t<div class=\"elementor-widget-wrap\">\n\t\t\t\t\t\t<div class=\"elementor-element elementor-element-ae741ce elementor-widget elementor-widget-animated_image\" data-id=\"ae741ce\" data-element_type=\"widget\" data-widget_type=\"animated_image.default\">\n\t\t\t\t<div class=\"elementor-widget-container\">\n\t\t\t   \t<div class=\"anim-image wow fadeInRight anim-image\" data-wow-delay=\"0.2s\">\n   \t\t         <!-- <img decoding=\"async\" src=\"\" alt=\"\"> -->\n         <img loading=\"lazy\" decoding=\"async\" width=\"400\" height=\"460\" src=\"https:\/\/abdullahnavruz.com\/wp-content\/uploads\/2020\/03\/services_img01-400x460.jpg\" class=\"attachment-geoport-770-460 size-geoport-770-460\" alt=\"\" \/>      \t     <\/div>\n\t\t\t<\/div>\n\t\t\t\t<\/div>\n\t\t\t\t<div class=\"elementor-element elementor-element-67b9b70 elementor-widget elementor-widget-animated_image\" data-id=\"67b9b70\" data-element_type=\"widget\" data-widget_type=\"animated_image.default\">\n\t\t\t\t<div class=\"elementor-widget-container\">\n\t\t\t   \t<div class=\"anim-image wow fadeInUp anim-image\" data-wow-delay=\"0.2s\">\n   \t\t         <!-- <img decoding=\"async\" src=\"\" alt=\"\"> -->\n         <img loading=\"lazy\" decoding=\"async\" width=\"370\" height=\"300\" src=\"https:\/\/abdullahnavruz.com\/wp-content\/uploads\/2020\/04\/gallery_img03.jpg\" class=\"attachment-full size-full\" alt=\"\" srcset=\"https:\/\/abdullahnavruz.com\/wp-content\/uploads\/2020\/04\/gallery_img03.jpg 370w, https:\/\/abdullahnavruz.com\/wp-content\/uploads\/2020\/04\/gallery_img03-300x243.jpg 300w, https:\/\/abdullahnavruz.com\/wp-content\/uploads\/2020\/04\/gallery_img03-80x65.jpg 80w\" sizes=\"auto, (max-width: 370px) 100vw, 370px\" \/>      \t     <\/div>\n\t\t\t<\/div>\n\t\t\t\t<\/div>\n\t\t\t\t\t\t<\/div>\n\t\t\t\t\t<\/div>\n\t\t<\/div>\n\t\t\t\t\t\t\t\t<\/div>\n\t\t\t\t\t<\/div>\n\t\t<\/section>\n\t\t\t\t\t\t<\/div>\n\t\t\t\t\t\t<\/div>\n\t\t\t\t\t<\/div>\n\t\t","protected":false},"excerpt":{"rendered":"<p>Hakk\u0131m\u0131zda Abdullah Navruz Lojistik Abdullah Navruz Lojistik Hizmetleri Sanayi ve Ticaret Limited \u015eirketi firmas\u0131 uzmanl\u0131k alan\u0131 olan Uluslararas\u0131 Karayolu ta\u015f\u0131mac\u0131l\u0131\u011f\u0131 hizmetini kendi envanterine kay\u0131tl\u0131 gen\u00e7 filosuyla sa\u011flamaktad\u0131r. Firmam\u0131z kendisine ait C2 belgesi ile Kayseri merkezli kendi envanterimize kay\u0131tl\u0131 ara\u00e7larla Almanya, Fransa, Benel\u00fcks \u00fclkeleri ba\u015fta olmak \u00fczere t\u00fcm Avrupa, Avrupa\u2019dan yine ba\u015fta \u00fclkemiz olmak \u00fczere Orta [&hellip;]<\/p>\n","protected":false},"author":1,"featured_media":0,"parent":0,"menu_order":0,"comment_status":"closed","ping_status":"closed","template":"page-template\/blank-page-sidebar.php","meta":{"footnotes":""},"class_list":["post-1084","page","type-page","status-publish","hentry"],"_links":{"self":[{"href":"https:\/\/abdullahnavruz.com\/index.php?rest_route=\/wp\/v2\/pages\/1084","targetHints":{"allow":["GET"]}}],"collection":[{"href":"https:\/\/abdullahnavruz.com\/index.php?rest_route=\/wp\/v2\/pages"}],"about":[{"href":"https:\/\/abdullahnavruz.com\/index.php?rest_route=\/wp\/v2\/types\/page"}],"author":[{"embeddable":true,"href":"https:\/\/abdullahnavruz.com\/index.php?rest_route=\/wp\/v2\/users\/1"}],"replies":[{"embeddable":true,"href":"https:\/\/abdullahnavruz.com\/index.php?rest_route=%2Fwp%2Fv2%2Fcomments&post=1084"}],"version-history":[{"count":8,"href":"https:\/\/abdullahnavruz.com\/index.php?rest_route=\/wp\/v2\/pages\/1084\/revisions"}],"predecessor-version":[{"id":3246,"href":"https:\/\/abdullahnavruz.com\/index.php?rest_route=\/wp\/v2\/pages\/1084\/revisions\/3246"}],"wp:attachment":[{"href":"https:\/\/abdullahnavruz.com\/index.php?rest_route=%2Fwp%2Fv2%2Fmedia&parent=1084"}],"curies":[{"name":"wp","href":"https:\/\/api.w.org\/{rel}","templated":true}]}}