{"id":1246,"date":"2020-03-30T05:16:13","date_gmt":"2020-03-30T02:16:13","guid":{"rendered":"http:\/\/pluginspoint.com\/geoport\/?page_id=1246"},"modified":"2020-12-06T16:02:58","modified_gmt":"2020-12-06T13:02:58","slug":"hizmetlerimiz","status":"publish","type":"page","link":"https:\/\/abdullahnavruz.com\/?page_id=1246","title":{"rendered":"Hizmetlerimiz"},"content":{"rendered":"\t\t<div data-elementor-type=\"wp-page\" data-elementor-id=\"1246\" class=\"elementor elementor-1246\" data-elementor-settings=\"[]\">\n\t\t\t\t\t\t<div class=\"elementor-inner\">\n\t\t\t\t\t\t\t<div class=\"elementor-section-wrap\">\n\t\t\t\t\t\t\t<section class=\"elementor-section elementor-top-section elementor-element elementor-element-dadb600 elementor-section-full_width elementor-section-height-default elementor-section-height-default\" data-id=\"dadb600\" data-element_type=\"section\" data-settings=\"{&quot;background_background&quot;:&quot;classic&quot;}\">\n\t\t\t\t\t\t<div class=\"elementor-container elementor-column-gap-default\">\n\t\t\t\t\t\t\t<div class=\"elementor-row\">\n\t\t\t\t\t<div class=\"elementor-column elementor-col-100 elementor-top-column elementor-element elementor-element-27fa391\" data-id=\"27fa391\" data-element_type=\"column\">\n\t\t\t<div class=\"elementor-column-wrap elementor-element-populated\">\n\t\t\t\t\t\t\t<div class=\"elementor-widget-wrap\">\n\t\t\t\t\t\t<div class=\"elementor-element elementor-element-f19c359 elementor-widget elementor-widget-section-head\" data-id=\"f19c359\" data-element_type=\"widget\" data-widget_type=\"section-head.default\">\n\t\t\t\t<div class=\"elementor-widget-container\">\n\t\t\t\t\t<div class=\"section-title s-section-title\">\r\n\t\t\t            <h2>\r\n            \t            \t<span class=\"tl1\" >H\u0130ZMETLER\u0130M\u0130Z<\/span>\r\n            \t            <\/h2>\r\n                        <h2 class=\"bg-title\"><\/h2>\r\n        \t      <\/div>\r\n\t\t\t<\/div>\n\t\t\t\t<\/div>\n\t\t\t\t<section class=\"elementor-section elementor-inner-section elementor-element elementor-element-3673e9a elementor-section-boxed elementor-section-height-default elementor-section-height-default\" data-id=\"3673e9a\" data-element_type=\"section\">\n\t\t\t\t\t\t<div class=\"elementor-container elementor-column-gap-default\">\n\t\t\t\t\t\t\t<div class=\"elementor-row\">\n\t\t\t\t\t<div class=\"elementor-column elementor-col-25 elementor-inner-column elementor-element elementor-element-60469fc\" data-id=\"60469fc\" data-element_type=\"column\">\n\t\t\t<div class=\"elementor-column-wrap elementor-element-populated\">\n\t\t\t\t\t\t\t<div class=\"elementor-widget-wrap\">\n\t\t\t\t\t\t<div class=\"elementor-element elementor-element-64e70b8 elementor-widget elementor-widget-single-icon-item\" data-id=\"64e70b8\" data-element_type=\"widget\" data-widget_type=\"single-icon-item.default\">\n\t\t\t\t<div class=\"elementor-widget-container\">\n\t\t\t\t\t\r\n\t\t<div class=\"single-services text-center\">\r\n         <div class=\"services-icon\">\r\n                     \t\t<i class=\"fal fa-truck-moving\"><\/i>\r\n         \t         <\/div>\r\n         <div class=\"services-content typography_style\">\r\n                        <h4 >\r\n            \t<a href=\"https:\/\/abdullahnavruz.com\/?page_id=3223\" target=\"_blank\" rel=\"nofollow\" class=\"icon-box-btn\">Karayolu Ta\u015f\u0131mac\u0131l\u0131\u011f\u0131<\/a>            <\/h4>\r\n         \t            <p ><\/p>\r\n         <\/div>\r\n      <\/div>\r\n\r\n\t\t\t\t<\/div>\n\t\t\t\t<\/div>\n\t\t\t\t\t\t<\/div>\n\t\t\t\t\t<\/div>\n\t\t<\/div>\n\t\t\t\t<div class=\"elementor-column elementor-col-25 elementor-inner-column elementor-element elementor-element-a2941ba\" data-id=\"a2941ba\" data-element_type=\"column\">\n\t\t\t<div class=\"elementor-column-wrap elementor-element-populated\">\n\t\t\t\t\t\t\t<div class=\"elementor-widget-wrap\">\n\t\t\t\t\t\t<div class=\"elementor-element elementor-element-6173546 elementor-widget elementor-widget-single-icon-item\" data-id=\"6173546\" data-element_type=\"widget\" data-widget_type=\"single-icon-item.default\">\n\t\t\t\t<div class=\"elementor-widget-container\">\n\t\t\t\t\t\r\n\t\t<div class=\"single-services text-center\">\r\n         <div class=\"services-icon\">\r\n                     \t\t<i class=\"ifs-icon fal fa-plane-alt\"><\/i>\r\n         \t         <\/div>\r\n         <div class=\"services-content typography_style\">\r\n                        <h4 >\r\n            \t<a href=\"https:\/\/abdullahnavruz.com\/?page_id=3225\" target=\"_blank\" rel=\"nofollow\" class=\"icon-box-btn\">Parsiyel Ta\u015f\u0131mac\u0131l\u0131\u011f\u0131<\/a>            <\/h4>\r\n         \t            <p ><\/p>\r\n         <\/div>\r\n      <\/div>\r\n\r\n\t\t\t\t<\/div>\n\t\t\t\t<\/div>\n\t\t\t\t\t\t<\/div>\n\t\t\t\t\t<\/div>\n\t\t<\/div>\n\t\t\t\t<div class=\"elementor-column elementor-col-25 elementor-inner-column elementor-element elementor-element-c529d32\" data-id=\"c529d32\" data-element_type=\"column\">\n\t\t\t<div class=\"elementor-column-wrap elementor-element-populated\">\n\t\t\t\t\t\t\t<div class=\"elementor-widget-wrap\">\n\t\t\t\t\t\t<div class=\"elementor-element elementor-element-8357f44 elementor-widget elementor-widget-single-icon-item\" data-id=\"8357f44\" data-element_type=\"widget\" data-widget_type=\"single-icon-item.default\">\n\t\t\t\t<div class=\"elementor-widget-container\">\n\t\t\t\t\t\r\n\t\t<div class=\"single-services text-center\">\r\n         <div class=\"services-icon\">\r\n                     \t\t<i class=\"ifs-icon fal fa-ship\"><\/i>\r\n         \t         <\/div>\r\n         <div class=\"services-content typography_style\">\r\n                        <h4 >\r\n            \t<a href=\"https:\/\/abdullahnavruz.com\/?page_id=3231\" target=\"_blank\" rel=\"nofollow\" class=\"icon-box-btn\">Proje ve Kombine Ta\u015f\u0131mac\u0131l\u0131\u011f\u0131<\/a>            <\/h4>\r\n         \t            <p ><\/p>\r\n         <\/div>\r\n      <\/div>\r\n\r\n\t\t\t\t<\/div>\n\t\t\t\t<\/div>\n\t\t\t\t\t\t<\/div>\n\t\t\t\t\t<\/div>\n\t\t<\/div>\n\t\t\t\t<div class=\"elementor-column elementor-col-25 elementor-inner-column elementor-element elementor-element-c0d8492\" data-id=\"c0d8492\" data-element_type=\"column\">\n\t\t\t<div class=\"elementor-column-wrap elementor-element-populated\">\n\t\t\t\t\t\t\t<div class=\"elementor-widget-wrap\">\n\t\t\t\t\t\t<div class=\"elementor-element elementor-element-dac13c8 elementor-widget elementor-widget-single-icon-item\" data-id=\"dac13c8\" data-element_type=\"widget\" data-widget_type=\"single-icon-item.default\">\n\t\t\t\t<div class=\"elementor-widget-container\">\n\t\t\t\t\t\r\n\t\t<div class=\"single-services text-center\">\r\n         <div class=\"services-icon\">\r\n                     \t\t<i class=\"fal fa-boxes-alt\"><\/i>\r\n         \t         <\/div>\r\n         <div class=\"services-content typography_style\">\r\n                        <h4 >\r\n            \t<a href=\"https:\/\/abdullahnavruz.com\/?page_id=3233\" target=\"_blank\" rel=\"nofollow\" class=\"icon-box-btn\">G\u00fcmr\u00fckleme Hizmeti<\/a>            <\/h4>\r\n         \t            <p ><\/p>\r\n         <\/div>\r\n      <\/div>\r\n\r\n\t\t\t\t<\/div>\n\t\t\t\t<\/div>\n\t\t\t\t\t\t<\/div>\n\t\t\t\t\t<\/div>\n\t\t<\/div>\n\t\t\t\t\t\t\t\t<\/div>\n\t\t\t\t\t<\/div>\n\t\t<\/section>\n\t\t\t\t\t\t<\/div>\n\t\t\t\t\t<\/div>\n\t\t<\/div>\n\t\t\t\t\t\t\t\t<\/div>\n\t\t\t\t\t<\/div>\n\t\t<\/section>\n\t\t\t\t\t\t<\/div>\n\t\t\t\t\t\t<\/div>\n\t\t\t\t\t<\/div>\n\t\t","protected":false},"excerpt":{"rendered":"<p>H\u0130ZMETLER\u0130M\u0130Z Karayolu Ta\u015f\u0131mac\u0131l\u0131\u011f\u0131 Parsiyel Ta\u015f\u0131mac\u0131l\u0131\u011f\u0131 Proje ve Kombine Ta\u015f\u0131mac\u0131l\u0131\u011f\u0131 G\u00fcmr\u00fckleme Hizmeti<\/p>\n","protected":false},"author":1,"featured_media":0,"parent":0,"menu_order":0,"comment_status":"closed","ping_status":"closed","template":"page-template\/blank-page-sidebar.php","meta":{"footnotes":""},"class_list":["post-1246","page","type-page","status-publish","hentry"],"_links":{"self":[{"href":"https:\/\/abdullahnavruz.com\/index.php?rest_route=\/wp\/v2\/pages\/1246","targetHints":{"allow":["GET"]}}],"collection":[{"href":"https:\/\/abdullahnavruz.com\/index.php?rest_route=\/wp\/v2\/pages"}],"about":[{"href":"https:\/\/abdullahnavruz.com\/index.php?rest_route=\/wp\/v2\/types\/page"}],"author":[{"embeddable":true,"href":"https:\/\/abdullahnavruz.com\/index.php?rest_route=\/wp\/v2\/users\/1"}],"replies":[{"embeddable":true,"href":"https:\/\/abdullahnavruz.com\/index.php?rest_route=%2Fwp%2Fv2%2Fcomments&post=1246"}],"version-history":[{"count":8,"href":"https:\/\/abdullahnavruz.com\/index.php?rest_route=\/wp\/v2\/pages\/1246\/revisions"}],"predecessor-version":[{"id":3243,"href":"https:\/\/abdullahnavruz.com\/index.php?rest_route=\/wp\/v2\/pages\/1246\/revisions\/3243"}],"wp:attachment":[{"href":"https:\/\/abdullahnavruz.com\/index.php?rest_route=%2Fwp%2Fv2%2Fmedia&parent=1246"}],"curies":[{"name":"wp","href":"https:\/\/api.w.org\/{rel}","templated":true}]}}